{"id":43798,"date":"2019-08-06T10:53:44","date_gmt":"2019-08-06T08:53:44","guid":{"rendered":"https:\/\/dev.rantuurent.com\/tietosuojakaytanto\/"},"modified":"2024-04-10T21:11:46","modified_gmt":"2024-04-10T19:11:46","slug":"tietosuojakaytanto","status":"publish","type":"page","link":"https:\/\/dev.rantuurent.com\/fi\/tietosuojakaytanto\/","title":{"rendered":"Tietosuojak\u00e4yt\u00e4nt\u00f6"},"content":{"rendered":"\t\t<div data-elementor-type=\"wp-page\" data-elementor-id=\"43798\" class=\"elementor elementor-43798 elementor-35042\">\n\t\t\t\t\t\t\t\t\t<section class=\"elementor-section elementor-top-section elementor-element elementor-element-4a9b10f5 elementor-section-boxed elementor-section-height-default elementor-section-height-default\" data-id=\"4a9b10f5\" data-element_type=\"section\">\n\t\t\t\t\t\t<div class=\"elementor-container elementor-column-gap-no\">\n\t\t\t\t\t<div class=\"elementor-column elementor-col-100 elementor-top-column elementor-element elementor-element-62f623f0\" data-id=\"62f623f0\" data-element_type=\"column\">\n\t\t\t<div class=\"elementor-widget-wrap elementor-element-populated\">\n\t\t\t\t\t\t\t\t<div class=\"elementor-element elementor-element-7de0cba elementor-widget elementor-widget-text-editor\" data-id=\"7de0cba\" data-element_type=\"widget\" data-widget_type=\"text-editor.default\">\n\t\t\t\t<div class=\"elementor-widget-container\">\n\t\t\t<style>\/*! elementor - v3.16.0 - 17-10-2023 *\/\n.elementor-widget-text-editor.elementor-drop-cap-view-stacked .elementor-drop-cap{background-color:#69727d;color:#fff}.elementor-widget-text-editor.elementor-drop-cap-view-framed .elementor-drop-cap{color:#69727d;border:3px solid;background-color:transparent}.elementor-widget-text-editor:not(.elementor-drop-cap-view-default) .elementor-drop-cap{margin-top:8px}.elementor-widget-text-editor:not(.elementor-drop-cap-view-default) .elementor-drop-cap-letter{width:1em;height:1em}.elementor-widget-text-editor .elementor-drop-cap{float:left;text-align:center;line-height:1;font-size:50px}.elementor-widget-text-editor .elementor-drop-cap-letter{display:inline-block}<\/style>\t\t\t\tViimeksi p\u00e4ivitetty:  10.04.2024\t\t\t\t\t\t<\/div>\n\t\t\t\t<\/div>\n\t\t\t\t<div class=\"elementor-element elementor-element-20439127 elementor-widget elementor-widget-text-editor\" data-id=\"20439127\" data-element_type=\"widget\" data-widget_type=\"text-editor.default\">\n\t\t\t\t<div class=\"elementor-widget-container\">\n\t\t\t\t\t\t\t<p>Tervetuloa Rantuurent.com-sivustolle (&#8221;Me&#8221;, &#8221;Me&#8221;, &#8221;Meid\u00e4n&#8221;). Olemme sitoutuneet suojelemaan yksityisyytt\u00e4si, ja olemme julkaisseet t\u00e4m\u00e4n tietosuojak\u00e4yt\u00e4nn\u00f6n varmistaaksemme, ett\u00e4 ymm\u00e4rr\u00e4t, mit\u00e4 tietoja ker\u00e4\u00e4mme ja miten k\u00e4yt\u00e4mme niit\u00e4. T\u00e4t\u00e4 k\u00e4yt\u00e4nt\u00f6\u00e4 sovelletaan palveluihin, joita tarjoamme verkkosivustollamme osoitteessa <a href=\"https:\/\/dev.rantuurent.com\/fi\/\" target=\"_new\">https:\/\/rantuurent.com<\/a>.<\/p>\n<h3>1. Ker\u00e4\u00e4m\u00e4mme tiedot<\/h3>\n<p>Kun k\u00e4yt\u00e4t verkkosivustoamme, ker\u00e4\u00e4mme tietoja muutamalla eri tavalla:<\/p>\n<p><strong>1.1. Meille antamasi tiedot<\/strong><\/p>\n<p>Ker\u00e4\u00e4mme tietoja, jotka annat suoraan meille. Ker\u00e4\u00e4mme tietoja esimerkiksi silloin, kun luot tilin, kommunikoit kanssamme s\u00e4hk\u00f6postitse tai puhelimitse tai olet muuten vuorovaikutuksessa palveluidemme kanssa.<\/p>\n<p><strong>1.2. Automaattisesti ker\u00e4\u00e4m\u00e4mme tiedot<\/strong><\/p>\n<p>When you use our site, we automatically collect certain information about your device and usage of our services. Saatamme k\u00e4ytt\u00e4\u00e4 ev\u00e4steit\u00e4, lokitiedostoja, laitetunnisteita ja analyyttisi\u00e4 ty\u00f6kaluja, kuten Google Analyticsia, n\u00e4iden tietojen ker\u00e4\u00e4misess\u00e4.<\/p>\n<p><strong>1.3. Kolmansilta osapuolilta saamamme tiedot<\/strong><\/p>\n<p>Saatamme my\u00f6s saada tietoja sinusta muista l\u00e4hteist\u00e4 ja yhdist\u00e4\u00e4 ne suoraan ker\u00e4\u00e4miimme tietoihin. Saamme esimerkiksi Facebook Pixel -palvelusta tietoja, joiden avulla voimme ymm\u00e4rt\u00e4\u00e4, miten mainontamme toimii ja millaiset yleis\u00f6t katsovat mainoksiamme.<\/p>\n<p><strong>1.4. YouTuben kautta ker\u00e4tyt tiedot<\/strong><\/p>\n<p>Verkkosivustomme k\u00e4ytt\u00e4\u00e4 Googlen yll\u00e4pit\u00e4m\u00e4n YouTuben laajennuksia. Kun vierailet sivulla, jossa on YouTube-liit\u00e4nn\u00e4inen, YouTube-palvelimiin muodostetaan yhteys, joka ilmoittaa YouTubelle vierailustasi sivullamme. Jos olet kirjautunut YouTube-tilillesi, selausk\u00e4ytt\u00e4ytymisesi voidaan yhdist\u00e4\u00e4 henkil\u00f6kohtaiseen profiiliisi. Voit est\u00e4\u00e4 t\u00e4m\u00e4n kirjautumalla ulos YouTube-tililt\u00e4si. Lis\u00e4tietoja YouTuben tietojenk\u00e4sittelyst\u00e4 on YouTuben tietosuojaselosteessa osoitteessa <a href=\"https:\/\/www.google.de\/intl\/de\/policies\/privacy\" target=\"_new\">https:\/\/www.google.de\/intl\/de\/policies\/privacy<\/a>.<\/p>\n<p><strong>1.5. Vimeon kautta ker\u00e4tyt tiedot<\/strong><\/p>\n<p>Verkkosivustomme k\u00e4ytt\u00e4\u00e4 Vimeo-videoportaalin tarjoamia ominaisuuksia. Kun vierailet sivulla, jossa on Vimeo-liit\u00e4nn\u00e4inen, muodostetaan yhteys Vimeon palvelimiin, jolloin Vimeolle ilmoitetaan vierailustasi ja v\u00e4litet\u00e4\u00e4n IP-osoitteesi. Jos olet kirjautunut Vimeo-tilillesi, selausk\u00e4ytt\u00e4ytymisesi voidaan yhdist\u00e4\u00e4 henkil\u00f6kohtaiseen profiiliisi. Voit est\u00e4\u00e4 t\u00e4m\u00e4n kirjautumalla ulos Vimeo-tililt\u00e4si. Lis\u00e4tietoja siit\u00e4, miten Vimeo k\u00e4sittelee k\u00e4ytt\u00e4j\u00e4tietoja, on osoitteessa <a href=\"https:\/\/vimeo.com\/privacy\" target=\"_new\">https:\/\/vimeo.com\/privacy<\/a>.<\/p>\n<p><strong>1.6. Google Web Fontsin kautta ker\u00e4tyt tiedot<\/strong><\/p>\n<p>Sivustomme k\u00e4ytt\u00e4\u00e4 Googlen tarjoamia webfontteja fonttien yhten\u00e4iseen esitt\u00e4miseen. Kun avaat sivun, selaimesi lataa tarvittavat web-fontit selaimen v\u00e4limuistiin, jotta tekstit ja fontit n\u00e4kyv\u00e4t oikein. N\u00e4in Google saa tietoonsa, ett\u00e4 verkkosivua on k\u00e4ytetty IP-osoitteesi kautta. Lis\u00e4tietoja k\u00e4ytt\u00e4j\u00e4tietojen k\u00e4sittelyst\u00e4 on osoitteessa <a href=\"https:\/\/developers.google.com\/fonts\/faq\" target=\"_new\">https:\/\/developers.google.com\/fonts\/faq<\/a> ja Googlen tietosuojak\u00e4yt\u00e4nn\u00f6ss\u00e4 osoitteessa <a href=\"https:\/\/www.google.com\/policies\/privacy\/\" target=\"_new\">https:\/\/www.google.com\/policies\/privacy\/<\/a>.<\/p>\n<p><strong>1.7. Muiden verkkosivustojen upotettu sis\u00e4lt\u00f6<\/strong><\/p>\n<p>Sivustomme artikkelit voivat sis\u00e4lt\u00e4\u00e4 upotettua sis\u00e4lt\u00f6\u00e4 (esim. videoita, kuvia, artikkeleita jne.) muilta verkkosivustoilta. T\u00e4m\u00e4 upotettu sis\u00e4lt\u00f6 k\u00e4ytt\u00e4ytyy aivan samalla tavalla kuin jos vierailisit suoraan toisella verkkosivustolla. N\u00e4m\u00e4 verkkosivustot voivat ker\u00e4t\u00e4 tietoja sinusta, k\u00e4ytt\u00e4\u00e4 ev\u00e4steit\u00e4, upottaa kolmannen osapuolen lis\u00e4seurantaa ja seurata vuorovaikutustasi upotetun sis\u00e4ll\u00f6n kanssa, mukaan lukien vuorovaikutuksesi seuraaminen upotetun sis\u00e4ll\u00f6n kanssa, jos sinulla on tili ja olet kirjautunut sis\u00e4\u00e4n kyseiselle verkkosivustolle.<\/p>\n<h3>2. Tietojen k\u00e4ytt\u00f6<\/h3>\n<p>K\u00e4yt\u00e4mme ker\u00e4\u00e4mi\u00e4mme tietoja palveluidemme tarjoamiseen, yll\u00e4pit\u00e4miseen ja parantamiseen. T\u00e4h\u00e4n voi sis\u00e4lty\u00e4:<\/p>\n<ul>\n<li>pyyt\u00e4miesi palvelujen tarjoaminen ja tapahtumien k\u00e4sittely.<\/li>\n<li>Vastaaminen kommentteihin, kysymyksiin ja pyynt\u00f6ihin.<\/li>\n<li>Teknisten ilmoitusten, p\u00e4ivitysten ja tukiviestien l\u00e4hett\u00e4minen.<\/li>\n<li>Suuntausten ja k\u00e4yt\u00f6n seuranta ja analysointi.<\/li>\n<li>Palveluiden personointi ja sellaisten mainosten, sis\u00e4ll\u00f6n tai ominaisuuksien tarjoaminen, jotka vastaavat k\u00e4ytt\u00e4jien profiileja tai kiinnostuksen kohteita.<\/li>\n<\/ul>\n<h3>3. Tietojen jakaminen<\/h3>\n<p>Emme myy tai luovuta henkil\u00f6tietojasi kolmansille osapuolille ilman suostumustasi, paitsi seuraavissa tilanteissa:<\/p>\n<ul>\n<li>Kolmannen osapuolen myyjien ja muiden palveluntarjoajien kanssa, jotka tarvitsevat tietojasi suorittaakseen ty\u00f6t\u00e4 puolestamme.<\/li>\n<li>Jos uskomme, ett\u00e4 toimintasi on ristiriidassa k\u00e4ytt\u00e4j\u00e4sopimustemme tai -k\u00e4yt\u00e4nt\u00f6jemme kanssa, tai jos haluamme suojella meid\u00e4n tai muiden oikeuksia, omaisuutta ja turvallisuutta.<\/li>\n<li>Liittyen fuusioon, yrityksen omaisuuden myyntiin, rahoitukseen tai siihen, ett\u00e4 toinen yritys ostaa liiketoimintamme kokonaan tai osittain, tai sit\u00e4 koskevien neuvottelujen aikana.<\/li>\n<\/ul>\n<h3>4. Kolmannen osapuolen analytiikka- ja mainospalvelut<\/h3>\n<p>Saatamme sallia muiden tarjoavan analytiikkapalveluja ja tarjoavan mainoksia puolestamme internetiss\u00e4 ja sovelluksissa. N\u00e4m\u00e4 tahot voivat k\u00e4ytt\u00e4\u00e4 ev\u00e4steit\u00e4, verkkomajakoita, laitetunnisteita ja muita tekniikoita ker\u00e4t\u00e4kseen tietoja palveluidemme ja muiden verkkosivustojen ja sovellusten k\u00e4yt\u00f6st\u00e4si.<\/p>\n<h3>5. Oikeutesi<\/h3>\n<p>Sinulla on tiettyj\u00e4 henkil\u00f6tietoihisi liittyvi\u00e4 oikeuksia. Voit tutustua henkil\u00f6tietoihisi, korjata niit\u00e4, pyyt\u00e4\u00e4 niiden poistamista tai pyyt\u00e4\u00e4, ett\u00e4 niiden k\u00e4ytt\u00f6\u00e4 rajoitetaan tietyiss\u00e4 olosuhteissa. Jos haluat lis\u00e4tietoja n\u00e4iden oikeuksien k\u00e4ytt\u00e4misest\u00e4, ota yhteytt\u00e4 osoitteeseen <a href=\"mailto:info@rantuurent.com\" target=\"_new\">info@rantuurent.com<\/a>.<\/p>\n<h3>6. Muutokset t\u00e4h\u00e4n tietosuojak\u00e4yt\u00e4nt\u00f6\u00f6n<\/h3>\n<p>Voimme muuttaa t\u00e4t\u00e4 tietosuojak\u00e4yt\u00e4nt\u00f6\u00e4 aika ajoin. Jos teemme muutoksia, ilmoitamme siit\u00e4 sinulle tarkistamalla p\u00e4iv\u00e4m\u00e4\u00e4r\u00e4\u00e4 k\u00e4yt\u00e4nt\u00f6jen yl\u00e4osassa, ja joissakin tapauksissa voimme antaa sinulle n\u00e4kyv\u00e4mm\u00e4n ilmoituksen (esimerkiksi lis\u00e4\u00e4m\u00e4ll\u00e4 ilmoituksen kotisivuillemme tai l\u00e4hett\u00e4m\u00e4ll\u00e4 sinulle s\u00e4hk\u00f6posti-ilmoituksen).<\/p>\n<h3>7. Ota yhteytt\u00e4<\/h3>\n<p>Jos sinulla on kysytt\u00e4v\u00e4\u00e4 t\u00e4st\u00e4 tietosuojak\u00e4yt\u00e4nn\u00f6st\u00e4, ota meihin yhteytt\u00e4 osoitteeseen:<\/p>\n<p><strong>Rantuurent.com<br \/><\/strong>Urb. San Luis, Avenida Almazan 6, 03184 Torrevieja, Spain<br \/>S\u00e4hk\u00f6posti: <a href=\"mailto:info@rantuurent.com\" target=\"_new\">info@rantuurent.com<\/a> <br \/>Puhelin: +34 652 295 061<\/p>\n\t\t\t\t\t\t<\/div>\n\t\t\t\t<\/div>\n\t\t\t\t\t<\/div>\n\t\t<\/div>\n\t\t\t\t\t\t\t<\/div>\n\t\t<\/section>\n\t\t\t\t\t\t\t<\/div>\n\t\t","protected":false},"excerpt":{"rendered":"<p>Tervetuloa Rantuurent.com-sivustolle (&#8221;Me&#8221;, &#8221;Me&#8221;, &#8221;Meid\u00e4n&#8221;). Olemme sitoutuneet suojelemaan yksityisyytt\u00e4si, ja olemme julkaisseet t\u00e4m\u00e4n tietosuojak\u00e4yt\u00e4nn\u00f6n varmistaaksemme, ett\u00e4 ymm\u00e4rr\u00e4t, mit\u00e4 tietoja ker\u00e4\u00e4mme ja miten k\u00e4yt\u00e4mme niit\u00e4. T\u00e4t\u00e4 k\u00e4yt\u00e4nt\u00f6\u00e4 sovelletaan palveluihin, joita tarjoamme verkkosivustollamme osoitteessa https:\/\/rantuurent.com. 1. Ker\u00e4\u00e4m\u00e4mme tiedot Kun k\u00e4yt\u00e4t verkkosivustoamme, ker\u00e4\u00e4mme tietoja muutamalla eri tavalla: 1.1. Meille antamasi tiedot Ker\u00e4\u00e4mme tietoja, jotka annat suoraan meille. Ker\u00e4\u00e4mme &#8230;<\/p>\n","protected":false},"author":1,"featured_media":0,"parent":0,"menu_order":0,"comment_status":"closed","ping_status":"closed","template":"","meta":{"inline_featured_image":false,"footnotes":""},"_links":{"self":[{"href":"https:\/\/dev.rantuurent.com\/fi\/wp-json\/wp\/v2\/pages\/43798"}],"collection":[{"href":"https:\/\/dev.rantuurent.com\/fi\/wp-json\/wp\/v2\/pages"}],"about":[{"href":"https:\/\/dev.rantuurent.com\/fi\/wp-json\/wp\/v2\/types\/page"}],"author":[{"embeddable":true,"href":"https:\/\/dev.rantuurent.com\/fi\/wp-json\/wp\/v2\/users\/1"}],"replies":[{"embeddable":true,"href":"https:\/\/dev.rantuurent.com\/fi\/wp-json\/wp\/v2\/comments?post=43798"}],"version-history":[{"count":3,"href":"https:\/\/dev.rantuurent.com\/fi\/wp-json\/wp\/v2\/pages\/43798\/revisions"}],"predecessor-version":[{"id":45490,"href":"https:\/\/dev.rantuurent.com\/fi\/wp-json\/wp\/v2\/pages\/43798\/revisions\/45490"}],"wp:attachment":[{"href":"https:\/\/dev.rantuurent.com\/fi\/wp-json\/wp\/v2\/media?parent=43798"}],"curies":[{"name":"wp","href":"https:\/\/api.w.org\/{rel}","templated":true}]}}