{"id":43814,"date":"2015-04-23T12:57:21","date_gmt":"2015-04-23T10:57:21","guid":{"rendered":"https:\/\/dev.rantuurent.com\/vuokrausmenettely-ja-vuokraehdot\/"},"modified":"2024-03-29T20:49:35","modified_gmt":"2024-03-29T19:49:35","slug":"vuokrausmenettely-ja-vuokraehdot","status":"publish","type":"page","link":"https:\/\/dev.rantuurent.com\/fi\/vuokrausmenettely-ja-vuokraehdot\/","title":{"rendered":"Vuokrausmenettely ja vuokraehdot"},"content":{"rendered":"\t\t<div data-elementor-type=\"wp-page\" data-elementor-id=\"43814\" class=\"elementor elementor-43814 elementor-356\">\n\t\t\t\t\t\t\t\t\t<section class=\"elementor-section elementor-top-section elementor-element elementor-element-7c8a7d8d elementor-section-boxed elementor-section-height-default elementor-section-height-default\" data-id=\"7c8a7d8d\" data-element_type=\"section\">\n\t\t\t\t\t\t<div class=\"elementor-container elementor-column-gap-no\">\n\t\t\t\t\t<div class=\"elementor-column elementor-col-100 elementor-top-column elementor-element elementor-element-7f7265a7\" data-id=\"7f7265a7\" data-element_type=\"column\">\n\t\t\t<div class=\"elementor-widget-wrap elementor-element-populated\">\n\t\t\t\t\t\t\t\t<div class=\"elementor-element elementor-element-16242416 elementor-widget elementor-widget-text-editor\" data-id=\"16242416\" data-element_type=\"widget\" data-widget_type=\"text-editor.default\">\n\t\t\t\t<div class=\"elementor-widget-container\">\n\t\t\t<style>\/*! elementor - v3.16.0 - 17-10-2023 *\/\n.elementor-widget-text-editor.elementor-drop-cap-view-stacked .elementor-drop-cap{background-color:#69727d;color:#fff}.elementor-widget-text-editor.elementor-drop-cap-view-framed .elementor-drop-cap{color:#69727d;border:3px solid;background-color:transparent}.elementor-widget-text-editor:not(.elementor-drop-cap-view-default) .elementor-drop-cap{margin-top:8px}.elementor-widget-text-editor:not(.elementor-drop-cap-view-default) .elementor-drop-cap-letter{width:1em;height:1em}.elementor-widget-text-editor .elementor-drop-cap{float:left;text-align:center;line-height:1;font-size:50px}.elementor-widget-text-editor .elementor-drop-cap-letter{display:inline-block}<\/style>\t\t\t\t<div><div><h2>VUOKRAUSMENETTELY<\/h2><\/div><\/div><div><div><div><p>Vuokra-asunnot ovat t\u00e4ysin kalustetut ja niiss\u00e4 on astiat, vuodevaatteet, liinavaatteet ja pyyhkeet. Rantapyyhkeet tulee olla vuokralaiselta itselt\u00e4\u00e4n. Jokaisesta asunnosta l\u00f6ytyy automaattisesti ilmastointi\/l\u00e4mmitys, TV, pyykinpesukone sek\u00e4 kahvinkeitin. Asunnon esittelysivulta l\u00f6yd\u00e4t lis\u00e4ksi asunnon muun varustelun tiedot.<\/p><p>Vuokraamamme asunnot ovat my\u00f6s omistajien loma-asuntoja, eiv\u00e4tk\u00e4 ne n\u00e4in ollen vastaa hotellimajoitusta.<\/p><p>Kes\u00e4aika, jolloin vuokrat ovat yleens\u00e4 korkeammat, kest\u00e4\u00e4 kes\u00e4kuun alusta syyskuun loppuun.<\/p><p>Vuokra-aika voi alkaa ja p\u00e4\u00e4tty\u00e4 mik\u00e4 p\u00e4iv\u00e4 tahansa, eik\u00e4 sen tarvitse olla tasaviikkoja tai tasakuukausia. Minimi vuokra-aika on 1 viikko ja maksimi 11 kuukautta (t\u00e4m\u00e4n j\u00e4lkeen vuokrasopimus voidaan uusia). Mik\u00e4li asunto vuokrataan alle viikon mittaisella sopimuksella, vuokranmaksu on kuitenkin minimiss\u00e4\u00e4n yhdelt\u00e4 viikolta.<\/p><p>Asuntoon p\u00e4\u00e4see varauksen alkamisp\u00e4iv\u00e4n\u00e4 aikaisintaan klo 8 (eli jos saavut esimerkiksi Finnairin y\u00f6lennolla Alicanteen 17. p\u00e4iv\u00e4 klo 1:15 on varauksesi alettava 16. p\u00e4iv\u00e4, ett\u00e4 p\u00e4\u00e4set asuntoon y\u00f6ll\u00e4 suoraan tuolta lennolta, samoin kuin jos saapumisesi on Norwegianin lento klo 23.55 Alicante). Asunto on p\u00e4\u00e4s\u00e4\u00e4nt\u00f6isesti luovutettava l\u00e4ht\u00f6p\u00e4iv\u00e4n\u00e4 viimeist\u00e4\u00e4n klo 20. Saman p\u00e4iv\u00e4n aikana tapahtuvista vuokralaisten vaihdoista t\u00e4ytyy aina sopia erikseen.<\/p><p>Yleens\u00e4 vuokra maksetaan koko vuokrakaudelta etuk\u00e4teen, pitkiss\u00e4 sopimuksissa (yli 2kk) kuitenkin kuukausittain. Vesi ja s\u00e4hk\u00f6 laskutetaan erikseen viikkomaksuna tai kulutuksen mukaan, riippuen asunnosta. Kulutuksen mukaan s\u00e4hk\u00f6n ja veden saa vain, jos asunnossa on luettavissa mittarit.<\/p><p>Toimistokulujen veloituksemme on 40 euroa\/sopimus.<\/p><p>Vuokraus etenee siten, ett\u00e4 kun haluatte vuokrata jonkin huoneistoista ja kirjoitatte s\u00e4hk\u00f6postitse siit\u00e4 meille, varmistamme ensinn\u00e4 viel\u00e4 asunnon omistajalta, ett\u00e4 huoneisto on varmasti vapaa. Koska p\u00e4iv\u00e4mme on useimmiten todella kiireinen ja olemme paljon liikenteess\u00e4, nopein tapa varaukselle on s\u00e4hk\u00f6posti. S\u00e4hk\u00f6postiin pyyd\u00e4mme laittamaan mink\u00e4 asunnon haluatte vuokrata, vuokra-ajan (p\u00e4iv\u00e4m\u00e4\u00e4r\u00e4t), varaajan nimi ja yhteystiedot. Vastaamme viestiinne heti kun mahdollista.<\/p><p>Kun olemme saaneet varmistuksen asunnon vapaana olosta, ilmoitamme siit\u00e4 heti Teille s\u00e4hk\u00f6postitse ja laitamme mukaan varausmaksua ja toimistomaksua varten tarvittavat tiedot. Niin kauan kuin varaus- ja toimistomaksun laskua ei ole l\u00e4hetetty, asunto on vapaasti vuokrattavissa muille kyselij\u00f6ille.<\/p><p>Varaus- ja toimistomaksu er\u00e4\u00e4ntyv\u00e4t maksettavaksi 3 p\u00e4iv\u00e4n sis\u00e4ll\u00e4 varauksen teosta (3 arkip\u00e4iv\u00e4\u00e4). Kun varausmaksun ja toimistomaksun suoritus n\u00e4kyv\u00e4t tilill\u00e4mme, asunnon varaus astuu voimaan ja vahvistamme sen Teille viel\u00e4 s\u00e4hk\u00f6postilla. Ennen vuokra-ajan alkua laitamme Teille s\u00e4hk\u00f6postilla vuokralaskun sek\u00e4 kopion sopimuksesta, aikaisintaan kolme kuukautta ennen vuokra-ajan alkua (aikav\u00e4lill\u00e4 2vkoa-3kk ennen vuokra-ajan alkua). Vuokrasopimus astuu voimaan heti, kun asiakaas on maksanut vuokralaskun. Vuokran er\u00e4p\u00e4iv\u00e4 on noin kahta viikkoa ennen vuokrakauden alkua.<\/p><p>Jos seurueessanne on vauva, voimme toimittaa eri maksua vastaan asuntoon vauvan matkas\u00e4ngyn (alle 2-vuotiaalle) ja\/tai sy\u00f6tt\u00f6tuolin.<\/p><p>Mik\u00e4li asunnossa on saman p\u00e4iv\u00e4n aikana tapahtuva vuokralaisten vaihto, voi edellisten pyykit olla asunnossa kuivumassa uusien vuokralaisten tullessa.<\/p><p>Vuokralaisen on osattava suomen kielt\u00e4 riitt\u00e4v\u00e4n hyvin, ett\u00e4 h\u00e4n ymm\u00e4rt\u00e4\u00e4 vuokrausehdot sek\u00e4 muut ohjeistukset.<\/p><p>\u00a0<\/p><\/div><\/div><\/div><div><div><h2>VUOKRAEHDOT<\/h2><\/div><\/div><div><div><h3>1. Vuokrasopimus<\/h3><\/div><\/div><div><div><div><p>Vuokrasopimus on aina m\u00e4\u00e4r\u00e4aikainen ja p\u00e4\u00e4ttyy vuokrakauden p\u00e4\u00e4ttyess\u00e4 ilman irtisanomista. Vuokranantajalla on lis\u00e4ksi oikeus irtisanoa vuokrasopimus heti p\u00e4\u00e4ttyv\u00e4ksi, ellei vuokraa, s\u00e4hk\u00f6- tai vesimaksua ja luovutussiivousta ole maksettu sovitussa ajassa (er\u00e4p\u00e4iv\u00e4).<\/p><p>\u00a0<\/p><\/div><\/div><\/div><div><div><h3>2. Huoneisto ja sen k\u00e4yt\u00f6n rajoitukset<\/h3><\/div><\/div><div><div><div><p>Tupakointi: Vuokra-asunnoissa tupakointi on ehdottomasti kielletty. Tupakointi on sallittu ainoastaan ulkotiloissa\/avoparvekkeella (jolloin vuokralainen huolehtii, ettei tupakansavua p\u00e4\u00e4se asuntoon siten, ett\u00e4 se aiheuttaa hajuhaittaa) parvekkeen ovi suljettuna. Mik\u00e4li asunnossa on kiellosta huolimatta tupakoitu, on vuokralainen velvollinen korvaamaan siivouskulut ja huonekaluihin tai muuhun irtaimistoon kohdistuneen vahingon\/hajuhaitan. Tarvittaessa asunnon omistaja m\u00e4\u00e4rittelee vahingon suuruuden.<\/p><p>Lemmikkiel\u00e4imet: Lemmikkiel\u00e4imien pito aiheuttaa ylim\u00e4\u00e4r\u00e4isen suursiivoustarpeen vuokrasopimuksen p\u00e4\u00e4ttyess\u00e4, mink\u00e4 vuoksi niist\u00e4 on aina sovittava erikseen. P\u00e4\u00e4s\u00e4\u00e4nt\u00f6isesti lemmikist\u00e4 tulee 20 euron lis\u00e4maksu luovutussiivoukseen. Lemmikkikohteet ovat merkitty esittelysivulla erikseen. Paikallisia kissoja ja koiria ei miss\u00e4\u00e4n tapauksessa saa p\u00e4\u00e4st\u00e4\u00e4 sis\u00e4lle asuntoon.<\/p><p>Huoneisto: Vuokralainen ei voi luovuttaa tai vuokrata asuntoa tai sen osaa kolmannen osapuolen k\u00e4ytt\u00f6\u00f6n. Asunnossa ei my\u00f6sk\u00e4\u00e4n saa harjoittaa liiketoimintaa. Vuokralainen ei saa tehd\u00e4 asuntoon ilman erillist\u00e4 lupaa mit\u00e4\u00e4n muutoksia, kiinnitt\u00e4\u00e4 tauluja ym. sellaista, josta j\u00e4\u00e4 j\u00e4lki huoneistoon. Asunnossa voi y\u00f6py\u00e4 vain se henkil\u00f6m\u00e4\u00e4r\u00e4, mit\u00e4 asunnossa on vuodepaikkoja. Lis\u00e4henkil\u00f6ist\u00e4 on aina sovittava erikseen.<\/p><p>\u00a0<\/p><\/div><\/div><\/div><div><div><h3>3. Vahinkojen korvausvelvollisuus<\/h3><\/div><\/div><div><div><div><p>Kiinteist\u00f6n tulee luovutettaessa vastata tulotilannetta irtaimiston, kiinteist\u00f6n ja pihan osalta. Vuokralaiset ovat velvollisia asumisaikanaan hoitamaan huoneistoa huolellisesti ja he ovat vastuussa kaikista vuokrauksen aikana tapahtuvista vahingoista, rikkoutumisista tai kadonneista tavaroista. Vahingoista on ilmoitettava v\u00e4litt\u00f6m\u00e4sti vuokranantajan edustajalle (Vuokrausrantuulle). Vahingoista aiheutuneet kulut v\u00e4hennet\u00e4\u00e4n takuuvuokrasta tai jos takuuvuokra ei riit\u00e4 kattamaan vahingosta aiheutuneita kuluja, vuokralainen on velvollinen maksamaan ylimenev\u00e4t kulut. Jos vuokralainen ei ilmoita vahingosta, on vuokranantajalla oikeus peri\u00e4 maksua aiheutuneesta vahingosta vuokrasuhteen p\u00e4\u00e4ttymisen j\u00e4lkeenkin. Korvattavan vahingon lis\u00e4ksi veloitetaan my\u00f6s ty\u00f6st\u00e4 aiheutuneet kustannukset (20 eur\/alkava tunti).<\/p><p>Vuokralaisen tulee my\u00f6s ilmoittaa vuokrav\u00e4litt\u00e4j\u00e4lle, jos h\u00e4n havaitsee huoneistossa sellaisia vikoja, joiden korjaaminen h\u00e4nen mielest\u00e4\u00e4n olisi tarpeen. Mik\u00e4li jotain on rikki vuokralaisen saapuessa asunnolle, h\u00e4nen on ilmoitettava siit\u00e4 v\u00e4litt\u00f6m\u00e4sti Vuokrausrantuulle.<\/p><p>Vuokranantaja tai vuokrav\u00e4litt\u00e4j\u00e4 ei ole vakuuttanut vuokralaisia tai heid\u00e4n omaisuuttaan vuokrauksen aikana.<\/p><p>\u00a0<\/p><\/div><\/div><\/div><div><div><h3>4. Varausmaksu \/ Takuumaksu<\/h3><\/div><\/div><div><div><div><p>Varausmaksu on 200 euroa\/vuokraus (alle 2kk sopimukset) ja yli kahden kuukauden sopimuksissa yhden kuukauden vuokra. Omakotitaloissa varausmaksu on puolet vuokrasta. Poikkeuksista on mainittu asunnon esittelysivuilla.<\/p><p>Varaus- ja toimistomaksua ei palauteta vuokrauksen peruuntuessa (my\u00f6s vuokra-ajan oleellinen lyhentyminen katsotaan peruutukseksi). Kuitenkin, jos asiakas peruu varauksensa kuusi kuukautta ennen vuokrauksen alkua, palautamme varausmaksun kokonaisuudessaan. Varausmaksu siirtyy vuokrauksen alkaessa takuuvuokraksi, joka palautetaan asiakkaan tilille kahden viikon sis\u00e4ll\u00e4 (14 vrk) vuokrauksen p\u00e4\u00e4ttymisest\u00e4, mik\u00e4li asunnossa on kaikki kunnossa. Koska teemme suuremman m\u00e4\u00e4r\u00e4n palautuksia kerralla, varausmaksun palautus voi tulla my\u00f6s ihan viimeisen\u00e4 p\u00e4iv\u00e4n\u00e4 tuosta 14 vrk aikarajasta. Varaus- ja toimistomaksu on aina asunto- ja varauskohtainen, eik\u00e4 sit\u00e4 voi siirt\u00e4\u00e4 seuraavaan varaukseen. Sovitun vuokra-ajan p\u00e4iv\u00e4m\u00e4\u00e4rien muuttaminen 20 eur.<\/p><p>\u00a0<\/p><\/div><\/div><\/div><div><div><h3>5. Avaimet<\/h3><\/div><\/div><div><div><div><p>Vuokralainen saa k\u00e4ytt\u00f6\u00f6ns\u00e4 kahdet avaimet asuntoon. Vuokranantajalla on lis\u00e4ksi asunnon vara-avain. Avaimia ei koskaan saa j\u00e4tt\u00e4\u00e4 oven sis\u00e4puolelle lukkoon, sill\u00e4 jos ovi menee kiinni ja asukkaat sattuvat j\u00e4\u00e4m\u00e4\u00e4n oven ulkopuolelle, ei ovea saa en\u00e4\u00e4 auki. Vuokralainen on vastuussa kustannuksista, mik\u00e4li avaimia ei palauteta ja\/tai lukot joudutaan vaihtamaan vuokralaisen huolimattomuuden vuoksi. Tulotilanteen ulkopuolelle tapahtuvista normaalista ovien aukaisusta vuokrav\u00e4litt\u00e4j\u00e4 veloittaa arkisin (klo 8-20) 50 euroa ja muina aikoina 80 euroa. Kun vuokralainen l\u00e4htee asunnosta omin neuvoin, avaimet on aina luovutettava Vuokrausrantuun henkil\u00f6kunnalle. Avainten tuonnista\/hausta y\u00f6aikaan (klo 22.00 &#8211; 06.00) veloitetaan 25 euron lis\u00e4maksu Torreviejan ja Orihuela Costan alueella tai 30 euroa La Marinan alueella alueella.<\/p><p>\u00a0<\/p><\/div><\/div><\/div><div><div><h3>6. Siivous<\/h3><\/div><\/div><div><div><div><p>Asunnon luovutussiivouksesta perit\u00e4\u00e4n teknisist\u00e4 syist\u00e4 maksu erikseen. Luovutussiivouksen hinta l\u00f6ytyy kunkin asunnon esittelysivulta. Luovutussiivous kattaa my\u00f6s korvauksen l\u00e4ht\u00f6hetkell\u00e4 olevien liinavaatteiden ja pyyhkeiden pesusta (= 1 pyyhe + 1 lakanasetti \/henkil\u00f6).<br \/>Vuokralainen huolehtii asunnon siivouksesta sek\u00e4 vaihtamiensa liinavaatteiden ja pyyhkeiden pesusta asumisaikanaan itse. Vuokralaisen on j\u00e4tett\u00e4v\u00e4 asunto luovutettaessa tavanomaista siisteystasoa vastaavaan kuntoon. Luovutussiivoukseen ei sis\u00e4lly roskien vienti ja astioiden tiskaus tai astianpesukoneen tyhj\u00e4ys, vaan niist\u00e4 huolehtii vuokralainen. Ylim\u00e4\u00e4r\u00e4isest\u00e4 pyykist\u00e4, roskien viennist\u00e4 sek\u00e4 astioiden tiskauksesta\/astianpesukoneen tyhj\u00e4yksest\u00e4 aiheutuvat kulut v\u00e4hennet\u00e4\u00e4n takuuvuokrasta. Luovutussiivous ei my\u00f6sk\u00e4\u00e4n sis\u00e4ll\u00e4 asunnosta mahdollisesti l\u00f6ytyv\u00e4n grillin putsausta, vaan jokainen vuokralainen huolehtii grillin putsauksen itse. Erityisest\u00e4 siivouksesta veloitamme 20 eur\/alkava tunti + kulut (mahdolliset pesulakulut, patjat, matot, verhot). Vuokralainen ei voi tehd\u00e4 luovutussiivousta itse.<\/p><p>\u00a0<\/p><\/div><\/div><\/div><div><div><h3>7. Taloyhti\u00f6iden uima-altaat \/ Taloyhti\u00f6n tilat<\/h3><\/div><\/div><div><div><div><p>Taloyhti\u00f6iden uima-altaat ovat vuokralaisten k\u00e4yt\u00f6ss\u00e4 altaan aukioloaikoina, jotka ilmoitetaan allasalueen s\u00e4\u00e4nt\u00f6jen yhteydess\u00e4, yleens\u00e4 allasalueen sein\u00e4ll\u00e4 olevassa taulussa. S\u00e4\u00e4nt\u00f6j\u00e4 tulee turvallisuussyist\u00e4 noudattaa tarkasti. Kaikissa taloyhti\u00f6iss\u00e4 uima-altaat eiv\u00e4t ole talviaikaan k\u00e4yt\u00f6ss\u00e4. Uima-altaiden mahdollisista remonteista tai aukioloaikojen muutoksista ei v\u00e4lity tietoa vuokrav\u00e4litt\u00e4j\u00e4lle, joten Vuokrausrantuu ei voi ottaa vastuuta uima-altaiden aukiolosta vuokralaisen vuokra-aikana. Taloyhti\u00f6n yhteisten tilojen (piha-alue, hissi, rappuk\u00e4yt\u00e4v\u00e4 yms.) kunto eik\u00e4 niiss\u00e4 mahdollisesti teht\u00e4v\u00e4t huoltoty\u00f6t ole vuokranantajan tai vuokrav\u00e4litt\u00e4j\u00e4n vastuulla.<\/p><p>\u00a0<\/p><\/div><\/div><\/div><div><div><h3>8. Internet -yhteydet \/ TV<\/h3><\/div><\/div><div><div><div><p>Vuokranantaja tai vuokrav\u00e4litt\u00e4j\u00e4 ei ole vastuussa Internet -yhteyden mahdollisista katkoksista tai yhteyden hitaudesta, mutta v\u00e4litt\u00e4\u00e4 vuokralaisen tekem\u00e4n vikailmoituksen palveluntarjoajalle. Modeemin reset -nappulaa ei saa miss\u00e4\u00e4n nimess\u00e4 painaa, joidenkin modeemien tiedot nollaantuvat ja vian saa korjattua vain palveluntarjoajan teknikko. T\u00e4ll\u00f6in vuokralainen maksaa teknikolle uudelleenohjelmoinnista aiheutuvat kulut. Asuntojen Internet -yhteydet toimivat langattomasti ja vuokralainen saa niihin tunnukset asunnolla. TV -kanavien n\u00e4kyvyys voi vaihdella asunnosta riippuen.<\/p><p>\u00a0<\/p><\/div><\/div><\/div><div><div><h3>9. Muuta<\/h3><\/div><\/div><div><div><div><p>Vuokranantaja tai vuokrav\u00e4litt\u00e4j\u00e4 ei vastaa vuokralaisen omaisuus eik\u00e4 henkil\u00f6vahingoista. Asunto vuokrataan vain v\u00e4liaikaiseen k\u00e4ytt\u00f6\u00f6n, joten vuokralaisella ei ole oikeutta muuttaa virallista osoitettaan asuntoihin, ellei asiasta sovita kirjallisesti etuk\u00e4teen. Vuokralaisen tulee huolehtia asunnon riitt\u00e4v\u00e4st\u00e4 tuulettamisesta homekasvuston v\u00e4ltt\u00e4miseksi.<\/p><p>Markiiseja tai aurinkovarjoja ei saa s\u00e4ilytt\u00e4\u00e4 avattuna, vaan ne t\u00e4ytyy aina laittaa kasaan k\u00e4yt\u00f6n j\u00e4lkeen. Vuokrahuoneisto vuokrataan niill\u00e4 varusteilla mit\u00e4 siell\u00e4 on. Lis\u00e4hankintoja tehd\u00e4\u00e4n vain asunnon omistajan kanssa tehdyn harkinnan j\u00e4lkeen.<\/p><p>S\u00e4hk\u00f6n kWh hinta m\u00e4\u00e4r\u00e4ytyy vuokra-ajan mukaisen tariffin mukaan.<\/p><\/div><\/div><\/div>\t\t\t\t\t\t<\/div>\n\t\t\t\t<\/div>\n\t\t\t\t\t<\/div>\n\t\t<\/div>\n\t\t\t\t\t\t\t<\/div>\n\t\t<\/section>\n\t\t\t\t\t\t\t<\/div>\n\t\t","protected":false},"excerpt":{"rendered":"<p>VUOKRAUSMENETTELY Vuokra-asunnot ovat t\u00e4ysin kalustetut ja niiss\u00e4 on astiat, vuodevaatteet, liinavaatteet ja pyyhkeet. Rantapyyhkeet tulee olla vuokralaiselta itselt\u00e4\u00e4n. Jokaisesta asunnosta l\u00f6ytyy automaattisesti ilmastointi\/l\u00e4mmitys, TV, pyykinpesukone sek\u00e4 kahvinkeitin. Asunnon esittelysivulta l\u00f6yd\u00e4t lis\u00e4ksi asunnon muun varustelun tiedot. Vuokraamamme asunnot ovat my\u00f6s omistajien loma-asuntoja, eiv\u00e4tk\u00e4 ne n\u00e4in ollen vastaa hotellimajoitusta. Kes\u00e4aika, jolloin vuokrat ovat yleens\u00e4 korkeammat, kest\u00e4\u00e4 kes\u00e4kuun &#8230;<\/p>\n","protected":false},"author":1,"featured_media":0,"parent":0,"menu_order":0,"comment_status":"closed","ping_status":"closed","template":"terms_conditions.php","meta":{"inline_featured_image":false,"footnotes":""},"_links":{"self":[{"href":"https:\/\/dev.rantuurent.com\/fi\/wp-json\/wp\/v2\/pages\/43814"}],"collection":[{"href":"https:\/\/dev.rantuurent.com\/fi\/wp-json\/wp\/v2\/pages"}],"about":[{"href":"https:\/\/dev.rantuurent.com\/fi\/wp-json\/wp\/v2\/types\/page"}],"author":[{"embeddable":true,"href":"https:\/\/dev.rantuurent.com\/fi\/wp-json\/wp\/v2\/users\/1"}],"replies":[{"embeddable":true,"href":"https:\/\/dev.rantuurent.com\/fi\/wp-json\/wp\/v2\/comments?post=43814"}],"version-history":[{"count":5,"href":"https:\/\/dev.rantuurent.com\/fi\/wp-json\/wp\/v2\/pages\/43814\/revisions"}],"predecessor-version":[{"id":45028,"href":"https:\/\/dev.rantuurent.com\/fi\/wp-json\/wp\/v2\/pages\/43814\/revisions\/45028"}],"wp:attachment":[{"href":"https:\/\/dev.rantuurent.com\/fi\/wp-json\/wp\/v2\/media?parent=43814"}],"curies":[{"name":"wp","href":"https:\/\/api.w.org\/{rel}","templated":true}]}}